{"id":257,"date":"2020-12-27T17:13:58","date_gmt":"2020-12-27T17:13:58","guid":{"rendered":"https:\/\/bst-environmental.com\/?page_id=257"},"modified":"2021-07-06T09:38:59","modified_gmt":"2021-07-06T09:38:59","slug":"air-purifiers","status":"publish","type":"page","link":"https:\/\/bst-environmental.com\/de_DE\/products\/air-purifiers\/","title":{"rendered":"Luftreiniger"},"content":{"rendered":"<h2>Technology<\/h2>\n<h3>Plasma<\/h3>\n<p>&nbsp;<\/p>\n<p>Plasma entsteht, wenn man einem Gas so viel Energie zuf\u00fchrt, dass eine kritische Anzahl von<br \/>\nElektronen die Atomh\u00fclle verl\u00e4sst. Das Ergebnis sind positiv geladene Ionen, die von freien<br \/>\nElektronen umgeben sind. Sterne bestehen haupts\u00e4chlich aus Plasma &#8211; und damit fast die gesamte<br \/>\nMaterie im Universum.<\/p>\n<p>&nbsp;<\/p>\n<h3><a href=\"http:\/\/bst-environmental.com\/wp-content\/uploads\/2021\/01\/Plasma-Cloud.png\"><img loading=\"lazy\" class=\"aligncenter wp-image-379 size-full\" src=\"http:\/\/bst-environmental.com\/wp-content\/uploads\/2021\/01\/Plasma-Cloud.png\" alt=\"Plasma Cloud\" width=\"682\" height=\"346\" srcset=\"https:\/\/bst-environmental.com\/wp-content\/uploads\/2021\/01\/Plasma-Cloud.png 682w, https:\/\/bst-environmental.com\/wp-content\/uploads\/2021\/01\/Plasma-Cloud-300x152.png 300w\" sizes=\"(max-width: 682px) 100vw, 682px\" \/><\/a><\/h3>\n<h3><\/h3>\n<h3><\/h3>\n<h3><\/h3>\n<h3>Einsatz von Kaltplasma zur Bek\u00e4mpfung von Coronaviren<\/h3>\n<p>Desinfektionsmittel sind derzeit Mangelware und sterile Umgebungen haben h\u00f6chste Priorit\u00e4t,<br \/>\nbesonders im Pflege- oder Krankenhausbereich, wo Menschen mit schw\u00e4cheren Immunsystemen<br \/>\nbehandelt werden. Die HAWK erforscht kaltes Plasma in dem Projekt &#8220;Plasma for Life&#8221;.<\/p>\n<p><iframe loading=\"lazy\" title=\"The Fourth State of Matter Could Scrub Viruses From The Air\" width=\"640\" height=\"360\" src=\"https:\/\/www.youtube.com\/embed\/oE34qkvGHcg?feature=oembed\" frameborder=\"0\" allow=\"accelerometer; autoplay; clipboard-write; encrypted-media; gyroscope; picture-in-picture; web-share\" allowfullscreen><\/iframe><\/p>\n<h3><\/h3>\n<h3>Hochintensive Plasma-Luft-Desinfektion (HPL)<\/h3>\n<p lang=\"en-US\"><span style=\"color: #000000;\">Entscheidend f\u00fcr die Reinigungsleistung einer Plasma-Luft-Entkeimung ist die Menge des erzeugten<br \/>\nPlasmas sowie die exakte Dosierung der angesaugten Luftmenge f\u00fcr die zur Verf\u00fcgung stehende<br \/>\nPlasmaleistung und die Str\u00f6mungsgeschwindigkeit, mit der die Luft das Plasmafeld durchstr\u00f6mt<\/span><\/p>\n<p>&nbsp;<\/p>\n<figure id=\"attachment_267\" aria-describedby=\"caption-attachment-267\" style=\"width: 640px\" class=\"wp-caption aligncenter\"><img loading=\"lazy\" class=\"size-large wp-image-267\" src=\"http:\/\/bst-environmental.com\/wp-content\/uploads\/2020\/12\/Hpl-1024x454.png\" alt=\"High Intensity Plasma Air Disinfections\" width=\"640\" height=\"284\"\/><figcaption id=\"caption-attachment-267\" class=\"wp-caption-text\">High Intensity Plasma Air Disinfection<\/figcaption><\/figure>\n<p>&nbsp;<\/p>\n<p>&nbsp;<\/p>\n<h3>Produktfunktionen und Eigenschaften:<\/h3>\n<ul>\n<li>Zersetzt sch\u00e4dliche Gase in der Luft und beseitigt Ger\u00fcche. Es kann mit der zentralen<br \/>\nKlimaanlage verbunden werden, keine Notwendigkeit, separat zu steuern, und Wind<br \/>\nReaktion ist auch verf\u00fcgbar.<\/li>\n<li>Reduziert lungeng\u00e4ngige Schwebeteilchen in der Luft. Mit Helligkeitseinstellfunktion, Sie<br \/>\nk\u00f6nnen die Helligkeit entsprechend der tats\u00e4chlichen Nutzung einstellen.<\/li>\n<li>Keine beweglichen Teile, sicher und leise, geringer Stromverbrauch, energiesparend und<br \/>\numweltschonend.<\/li>\n<li>Externe Anzeigeleuchte erkennt den Betriebsstatus, Anzeigefunkton f\u00fcr spezifische Fehler<\/li>\n<\/ul>\n<p>Plug-in-Struktur-Design, einfach zu installieren, zu demontieren, zu reinigen und zu reparieren,<br \/>\nOptionale Split-Struktur.<\/p>\n<h3>Anwendungen<\/h3>\n<p>Empfangs- und Wartebereich, Patientenzimmer, Alten- und Pflegeheime, Fitnessstudios und<br \/>\nTherapier\u00e4ume, Kantinen und Restaurants, gro\u00dfe B\u00fcrofl\u00e4chen, Hotels und Konferenzeinrichtungen.<\/p>\n","protected":false},"excerpt":{"rendered":"<h2>Technology<\/h2>\n<h3>Plasma<\/h3>\n<p>&nbsp;<\/p>\n<p>Plasma entsteht, wenn man einem Gas so viel Energie zuf\u00fchrt, dass eine kritische Anzahl von<br \/>\nElektronen die Atomh\u00fclle verl\u00e4sst. Das Ergebnis sind positiv geladene Ionen, die von freien<br \/>\nElektronen umgeben sin&#8230;<\/p>\n","protected":false},"author":1,"featured_media":0,"parent":307,"menu_order":0,"comment_status":"closed","ping_status":"closed","template":"","meta":[],"_links":{"self":[{"href":"https:\/\/bst-environmental.com\/de_DE\/wp-json\/wp\/v2\/pages\/257"}],"collection":[{"href":"https:\/\/bst-environmental.com\/de_DE\/wp-json\/wp\/v2\/pages"}],"about":[{"href":"https:\/\/bst-environmental.com\/de_DE\/wp-json\/wp\/v2\/types\/page"}],"author":[{"embeddable":true,"href":"https:\/\/bst-environmental.com\/de_DE\/wp-json\/wp\/v2\/users\/1"}],"replies":[{"embeddable":true,"href":"https:\/\/bst-environmental.com\/de_DE\/wp-json\/wp\/v2\/comments?post=257"}],"version-history":[{"count":27,"href":"https:\/\/bst-environmental.com\/de_DE\/wp-json\/wp\/v2\/pages\/257\/revisions"}],"predecessor-version":[{"id":478,"href":"https:\/\/bst-environmental.com\/de_DE\/wp-json\/wp\/v2\/pages\/257\/revisions\/478"}],"up":[{"embeddable":true,"href":"https:\/\/bst-environmental.com\/de_DE\/wp-json\/wp\/v2\/pages\/307"}],"wp:attachment":[{"href":"https:\/\/bst-environmental.com\/de_DE\/wp-json\/wp\/v2\/media?parent=257"}],"curies":[{"name":"wp","href":"https:\/\/api.w.org\/{rel}","templated":true}]}}