{"id":8,"date":"2020-12-12T11:05:53","date_gmt":"2020-12-12T11:05:53","guid":{"rendered":"https:\/\/bst-environmental.com\/?page_id=8"},"modified":"2023-03-12T08:16:50","modified_gmt":"2023-03-12T08:16:50","slug":"home","status":"publish","type":"page","link":"https:\/\/bst-environmental.com\/de_DE\/","title":{"rendered":"Home"},"content":{"rendered":"<p>Ausgestattet mit der Vision f\u00fcr eine bessere Welt, leistete BST Environmental Pionierarbeit bei der Einf\u00fchrung der revolution\u00e4ren Umkehrosmose (RO) Technologie im Nahen Osten. Unsere patentierte Technologie der RO+UV+UF+TDS-Steuerung, die Wasser reinigt und dabei lebensnotwendige, nat\u00fcrliche Mineralien erh\u00e4lt, und unser innovativer Einsatz von UV-Licht im Lagertank helfen, die Reinheit von Trinkwasser zu bewahren. Unser Bestreben, das \u00f6kologische Gleichgewicht zu erhalten ,hat uns dazu veranlasst, die Save Water Technology zu entwickeln, um sicherzustellen, dass bei der Verwendung unseres RO-Wasserreinigers kein Wasser verloren geht. BST Environmental ist st\u00e4ndig auf der Suche nach innovativen L\u00f6sungen, um Menschen vor sch\u00e4dlichen Krankheiten zu sch\u00fctzen. Mit unserem Antrieb zu sch\u00fctzen, bem\u00fchen wir uns, jeden mit sauberem Wasser zu versorgen \u2013 eine Notwendigkeit f\u00fcr ein gesundes Leben.<\/p>\n","protected":false},"excerpt":{"rendered":"<p>Ausgestattet mit der Vision f\u00fcr eine bessere Welt, leistete BST Environmental Pionierarbeit bei der Einf\u00fchrung der revolution\u00e4ren Umkehrosmose (RO) Technologie im Nahen Osten. Unsere patentierte Technologie der RO+UV+UF+TDS-Steuerung, die Wasser rein&#8230;<\/p>\n","protected":false},"author":1,"featured_media":0,"parent":0,"menu_order":0,"comment_status":"closed","ping_status":"closed","template":"","meta":[],"_links":{"self":[{"href":"https:\/\/bst-environmental.com\/de_DE\/wp-json\/wp\/v2\/pages\/8"}],"collection":[{"href":"https:\/\/bst-environmental.com\/de_DE\/wp-json\/wp\/v2\/pages"}],"about":[{"href":"https:\/\/bst-environmental.com\/de_DE\/wp-json\/wp\/v2\/types\/page"}],"author":[{"embeddable":true,"href":"https:\/\/bst-environmental.com\/de_DE\/wp-json\/wp\/v2\/users\/1"}],"replies":[{"embeddable":true,"href":"https:\/\/bst-environmental.com\/de_DE\/wp-json\/wp\/v2\/comments?post=8"}],"version-history":[{"count":8,"href":"https:\/\/bst-environmental.com\/de_DE\/wp-json\/wp\/v2\/pages\/8\/revisions"}],"predecessor-version":[{"id":536,"href":"https:\/\/bst-environmental.com\/de_DE\/wp-json\/wp\/v2\/pages\/8\/revisions\/536"}],"wp:attachment":[{"href":"https:\/\/bst-environmental.com\/de_DE\/wp-json\/wp\/v2\/media?parent=8"}],"curies":[{"name":"wp","href":"https:\/\/api.w.org\/{rel}","templated":true}]}}